{"id":1888,"date":"2015-01-24T13:03:03","date_gmt":"2015-01-24T11:03:03","guid":{"rendered":"http:\/\/www.lvts-berlin.de\/?page_id=1888"},"modified":"2015-01-24T13:03:03","modified_gmt":"2015-01-24T11:03:03","slug":"impressum","status":"publish","type":"page","link":"https:\/\/lvts-berlin.de\/homepage\/impressum\/","title":{"rendered":"Impressum"},"content":{"rendered":"<p>Die Web\u00adsite www.lvts-berlin.de ist die Online-Pr\u00e4senz des\u00a0LVTS Berlin e.V.<br \/>\nVer\u00adant\u00adwort\u00adlich f\u00fcr den Inhalt gem\u00e4\u00df \u00a7 5 Abs. 1, Nr. 1 TMG: Sabine K\u00fcndiger<\/p>\n<p>LVTS Berlin e.V.<br \/>\n\u2105 Sabine K\u00fcndiger<br \/>\nFriedrich-Engels-Str. 43<br \/>\n13156 Berlin<br \/>\nE-Mail:\u00a0<a href=\"mailto:mail@lvts-berlin.de\">mail(at)lvts-berlin.de<\/a><\/p>\n<h3><\/h3>\n<h3>Dis\u00adclai\u00admer<\/h3>\n<h5>Haf\u00adtung f\u00fcr Inhalte<\/h5>\n<p>Die Inhalte unse\u00adrer Sei\u00adten wur\u00adden mit gr\u00f6\u00df\u00adter Sorg\u00adfalt erstellt. F\u00fcr die Rich\u00adtig\u00adkeit, Voll\u00adst\u00e4n\u00addig\u00adkeit und Aktua\u00adli\u00adt\u00e4t der Inhalte k\u00f6n\u00adnen wir jedoch keine Gew\u00e4hr \u00fcber\u00adneh\u00admen. Als Diens\u00adte\u00adan\u00adbie\u00adter sind wir gem\u00e4\u00df \u00a7 6 Abs.1 MDStV und \u00a7 8 Abs.1 TDG f\u00fcr eigene Inhalte auf die\u00adsen Sei\u00adten nach den all\u00adge\u00admei\u00adnen Geset\u00adzen ver\u00adant\u00adwort\u00adlich. Diens\u00adte\u00adan\u00adbie\u00adter sind jedoch nicht ver\u00adpflich\u00adtet, die von ihnen \u00fcber\u00admit\u00adtel\u00adten oder gespei\u00adcher\u00adten frem\u00adden Infor\u00adma\u00adtio\u00adnen zu \u00fcber\u00adwa\u00adchen oder nach Umst\u00e4n\u00adden zu for\u00adschen, die auf eine rechts\u00adwid\u00adrige T\u00e4tig\u00adkeit hin\u00adwei\u00adsen. Ver\u00adpflich\u00adtun\u00adgen zur Ent\u00adfer\u00adnung oder Sper\u00adrung der Nut\u00adzung von Infor\u00adma\u00adtio\u00adnen nach den all\u00adge\u00admei\u00adnen Geset\u00adzen blei\u00adben hier\u00advon unbe\u00adr\u00fchrt. Eine dies\u00adbe\u00adz\u00fcg\u00adli\u00adche Haf\u00adtung ist jedoch erst ab dem Zeit\u00adpunkt der Kennt\u00adnis einer kon\u00adkre\u00adten Rechts\u00adver\u00adlet\u00adzung m\u00f6g\u00adlich. Bei bekannt wer\u00adden von ent\u00adspre\u00adchen\u00adden Rechts\u00adver\u00adlet\u00adzun\u00adgen wer\u00adden wir diese Inhalte umge\u00adhend entfernen.<\/p>\n<h5>Haf\u00adtung f\u00fcr Links<\/h5>\n<p>Unser Ange\u00adbot ent\u00adh\u00e4lt Links zu exter\u00adnen Web\u00adsei\u00adten Drit\u00adter, auf deren Inhalte wir kei\u00adnen Ein\u00adfluss haben. Des\u00adhalb k\u00f6n\u00adnen wir f\u00fcr diese frem\u00adden Inhalte auch keine Gew\u00e4hr \u00fcber\u00adneh\u00admen. F\u00fcr die Inhalte der ver\u00adlink\u00adten Sei\u00adten ist stets der jewei\u00adlige Anbie\u00adter oder Betrei\u00adber der Sei\u00adten ver\u00adant\u00adwort\u00adlich. Die ver\u00adlink\u00adten Sei\u00adten wur\u00adden zum Zeit\u00adpunkt der Ver\u00adlin\u00adkung auf m\u00f6g\u00adli\u00adche Rechts\u00adver\u00adst\u00f6\u00dfe \u00fcber\u00adpr\u00fcft. Rechts\u00adwid\u00adrige Inhalte waren zum Zeit\u00adpunkt der Ver\u00adlin\u00adkung nicht erkenn\u00adbar. Eine per\u00adma\u00adnente inhalt\u00adli\u00adche Kon\u00adtrolle der ver\u00adlink\u00adten Sei\u00adten ist jedoch ohne kon\u00adkrete Anhalts\u00adpunkte einer Rechts\u00adver\u00adlet\u00adzung nicht zumut\u00adbar. Bei bekannt wer\u00adden von Rechts\u00adver\u00adlet\u00adzun\u00adgen wer\u00adden wir der\u00adar\u00adtige Links umge\u00adhend entfernen.<\/p>\n<h5>Urhe\u00adber\u00adrecht<\/h5>\n<p>Der Betrei\u00adber der Sei\u00adten ist bem\u00fcht, stets die Urhe\u00adber\u00adrechte ande\u00adrer zu beach\u00adten bzw. auf selbst erstellte sowie lizenz\u00adfreie Werke zur\u00fcck\u00adzu\u00adgrei\u00adfen. Die durch den Sei\u00adten\u00adbe\u00adtrei\u00adber erstell\u00adten Inhalte und Werke auf die\u00adsen Sei\u00adten unter\u00adlie\u00adgen dem deut\u00adschen Urhe\u00adber\u00adrecht. Bei\u00adtr\u00e4ge Drit\u00adter sind als sol\u00adche gekenn\u00adzeich\u00adnet. Die Ver\u00adviel\u00adf\u00e4l\u00adti\u00adgung, Bear\u00adbei\u00adtung, Ver\u00adbrei\u00adtung und jede Art der Ver\u00adwer\u00adtung au\u00dfer\u00adhalb der Gren\u00adzen des Urhe\u00adber\u00adrech\u00adtes bed\u00fcr\u00adfen der schrift\u00adli\u00adchen Zustim\u00admung des jewei\u00adli\u00adgen Autors bzw. Erstel\u00adlers. Down\u00adloads und Kopien die\u00adser Seite sind nur f\u00fcr den pri\u00adva\u00adten, nicht kom\u00admer\u00adzi\u00adel\u00adlen Gebrauch gestattet.<\/p>\n<h5>Daten\u00adschutz<\/h5>\n<p>Soweit auf unse\u00adren Sei\u00adten per\u00adso\u00adnen\u00adbe\u00adzo\u00adgene Daten (bei\u00adspiels\u00adweise Name, Anschrift oder eMail-Adressen) erho\u00adben wer\u00adden, erfolgt dies soweit m\u00f6g\u00adlich stets auf frei\u00adwil\u00adli\u00adger Basis. Die Nut\u00adzung der Ange\u00adbote und Dienste ist, soweit m\u00f6g\u00adlich, stets ohne Angabe per\u00adso\u00adnen\u00adbe\u00adzo\u00adge\u00adner Daten m\u00f6g\u00adlich. Der Nut\u00adzung von im Rah\u00admen der Impress\u00adums\u00adpflicht ver\u00ad\u00f6f\u00adfent\u00adlich\u00adten Kon\u00adtakt\u00adda\u00adten durch Dritte zur \u00dcber\u00adsen\u00addung von nicht aus\u00addr\u00fcck\u00adlich ange\u00adfor\u00adder\u00adter Wer\u00adbung und Infor\u00adma\u00adti\u00adons\u00adma\u00adte\u00adria\u00adlien wird hier\u00admit aus\u00addr\u00fcck\u00adlich wider\u00adspro\u00adchen. Der Betrei\u00adber der Sei\u00adten beh\u00e4lt sich aus\u00addr\u00fcck\u00adlich recht\u00adli\u00adche Schritte im Falle der unver\u00adlang\u00adten Zusen\u00addung von Werbe-informationen, etwa durch Spam-Mails, vor.<\/p>\n","protected":false},"excerpt":{"rendered":"<p>Die Web\u00adsite www.lvts-berlin.de ist die Online-Pr\u00e4senz des\u00a0LVTS Berlin e.V. Ver\u00adant\u00adwort\u00adlich f\u00fcr den Inhalt gem\u00e4\u00df \u00a7 5 Abs. 1, Nr. 1 TMG: Sabine K\u00fcndiger LVTS Berlin e.V. \u2105 Sabine K\u00fcndiger Friedrich-Engels-Str. 43 13156 Berlin E-Mail:\u00a0mail(at)lvts-berlin.de Dis\u00adclai\u00admer Haf\u00adtung f\u00fcr Inhalte Die Inhalte unse\u00adrer Sei\u00adten wur\u00adden mit gr\u00f6\u00df\u00adter Sorg\u00adfalt erstellt. F\u00fcr die Rich\u00adtig\u00adkeit, Voll\u00adst\u00e4n\u00addig\u00adkeit und Aktua\u00adli\u00adt\u00e4t der Inhalte k\u00f6n\u00adnen wir jedoch keine Gew\u00e4hr \u00fcber\u00adneh\u00admen. Als Diens\u00adte\u00adan\u00adbie\u00adter sind wir gem\u00e4\u00df \u00a7 6 Abs.1 MDStV und \u00a7 8 Abs.1 TDG f\u00fcr eigene Inhalte auf die\u00adsen Sei\u00adten nach den all\u00adge\u00admei\u00adnen Geset\u00adzen ver\u00adant\u00adwort\u00adlich. Diens\u00adte\u00adan\u00adbie\u00adter sind jedoch nicht ver\u00adpflich\u00adtet, die von ihnen \u00fcber\u00admit\u00adtel\u00adten oder gespei\u00adcher\u00adten frem\u00adden Infor\u00adma\u00adtio\u00adnen zu \u00fcber\u00adwa\u00adchen oder nach Umst\u00e4n\u00adden zu for\u00adschen, die auf eine rechts\u00adwid\u00adrige T\u00e4tig\u00adkeit hin\u00adwei\u00adsen. Ver\u00adpflich\u00adtun\u00adgen zur Ent\u00adfer\u00adnung oder Sper\u00adrung der Nut\u00adzung von Infor\u00adma\u00adtio\u00adnen nach den all\u00adge\u00admei\u00adnen Geset\u00adzen blei\u00adben hier\u00advon unbe\u00adr\u00fchrt. Eine dies\u00adbe\u00adz\u00fcg\u00adli\u00adche Haf\u00adtung ist jedoch erst ab dem Zeit\u00adpunkt der Kennt\u00adnis einer kon\u00adkre\u00adten Rechts\u00adver\u00adlet\u00adzung m\u00f6g\u00adlich. Bei bekannt wer\u00adden von ent\u00adspre\u00adchen\u00adden Rechts\u00adver\u00adlet\u00adzun\u00adgen wer\u00adden wir diese Inhalte umge\u00adhend entfernen. Haf\u00adtung f\u00fcr Links Unser Ange\u00adbot ent\u00adh\u00e4lt Links zu exter\u00adnen Web\u00adsei\u00adten Drit\u00adter, auf deren Inhalte wir kei\u00adnen Ein\u00adfluss haben. Des\u00adhalb k\u00f6n\u00adnen wir f\u00fcr diese frem\u00adden Inhalte auch keine Gew\u00e4hr \u00fcber\u00adneh\u00admen. F\u00fcr die Inhalte der ver\u00adlink\u00adten Sei\u00adten ist stets der jewei\u00adlige Anbie\u00adter oder Betrei\u00adber der Sei\u00adten ver\u00adant\u00adwort\u00adlich. Die ver\u00adlink\u00adten Sei\u00adten wur\u00adden zum Zeit\u00adpunkt der Ver\u00adlin\u00adkung auf m\u00f6g\u00adli\u00adche Rechts\u00adver\u00adst\u00f6\u00dfe \u00fcber\u00adpr\u00fcft. Rechts\u00adwid\u00adrige Inhalte waren zum Zeit\u00adpunkt der Ver\u00adlin\u00adkung nicht erkenn\u00adbar. Eine per\u00adma\u00adnente inhalt\u00adli\u00adche Kon\u00adtrolle der ver\u00adlink\u00adten Sei\u00adten ist jedoch ohne kon\u00adkrete Anhalts\u00adpunkte einer Rechts\u00adver\u00adlet\u00adzung nicht zumut\u00adbar. Bei bekannt wer\u00adden von Rechts\u00adver\u00adlet\u00adzun\u00adgen wer\u00adden wir der\u00adar\u00adtige Links umge\u00adhend entfernen. Urhe\u00adber\u00adrecht Der Betrei\u00adber der Sei\u00adten ist bem\u00fcht, stets die Urhe\u00adber\u00adrechte ande\u00adrer zu beach\u00adten bzw. auf selbst erstellte sowie lizenz\u00adfreie Werke zur\u00fcck\u00adzu\u00adgrei\u00adfen. Die durch den Sei\u00adten\u00adbe\u00adtrei\u00adber erstell\u00adten Inhalte und Werke auf die\u00adsen Sei\u00adten unter\u00adlie\u00adgen dem deut\u00adschen Urhe\u00adber\u00adrecht. Bei\u00adtr\u00e4ge Drit\u00adter sind als sol\u00adche gekenn\u00adzeich\u00adnet. Die Ver\u00adviel\u00adf\u00e4l\u00adti\u00adgung, Bear\u00adbei\u00adtung, Ver\u00adbrei\u00adtung und jede Art der Ver\u00adwer\u00adtung au\u00dfer\u00adhalb der Gren\u00adzen des Urhe\u00adber\u00adrech\u00adtes bed\u00fcr\u00adfen der schrift\u00adli\u00adchen Zustim\u00admung des jewei\u00adli\u00adgen Autors bzw. Erstel\u00adlers. Down\u00adloads und Kopien die\u00adser Seite sind nur f\u00fcr den pri\u00adva\u00adten, nicht kom\u00admer\u00adzi\u00adel\u00adlen Gebrauch gestattet. Daten\u00adschutz Soweit auf unse\u00adren Sei\u00adten per\u00adso\u00adnen\u00adbe\u00adzo\u00adgene Daten (bei\u00adspiels\u00adweise Name, Anschrift oder eMail-Adressen) erho\u00adben wer\u00adden, erfolgt dies soweit m\u00f6g\u00adlich stets auf frei\u00adwil\u00adli\u00adger Basis. Die Nut\u00adzung der Ange\u00adbote und Dienste ist, soweit m\u00f6g\u00adlich, stets ohne Angabe per\u00adso\u00adnen\u00adbe\u00adzo\u00adge\u00adner Daten m\u00f6g\u00adlich. Der Nut\u00adzung von im Rah\u00admen der Impress\u00adums\u00adpflicht ver\u00ad\u00f6f\u00adfent\u00adlich\u00adten Kon\u00adtakt\u00adda\u00adten durch Dritte zur \u00dcber\u00adsen\u00addung von nicht aus\u00addr\u00fcck\u00adlich ange\u00adfor\u00adder\u00adter Wer\u00adbung und Infor\u00adma\u00adti\u00adons\u00adma\u00adte\u00adria\u00adlien wird hier\u00admit aus\u00addr\u00fcck\u00adlich wider\u00adspro\u00adchen. Der Betrei\u00adber der Sei\u00adten beh\u00e4lt sich aus\u00addr\u00fcck\u00adlich recht\u00adli\u00adche Schritte im Falle der unver\u00adlang\u00adten Zusen\u00addung von Werbe-informationen, etwa durch Spam-Mails, vor.<\/p>\n","protected":false},"author":1,"featured_media":0,"parent":0,"menu_order":0,"comment_status":"closed","ping_status":"open","template":"","meta":{"ngg_post_thumbnail":0,"ocean_post_layout":"","ocean_both_sidebars_style":"","ocean_both_sidebars_content_width":0,"ocean_both_sidebars_sidebars_width":0,"ocean_sidebar":"","ocean_second_sidebar":"","ocean_disable_margins":"enable","ocean_add_body_class":"","ocean_shortcode_before_top_bar":"","ocean_shortcode_after_top_bar":"","ocean_shortcode_before_header":"","ocean_shortcode_after_header":"","ocean_has_shortcode":"","ocean_shortcode_after_title":"","ocean_shortcode_before_footer_widgets":"","ocean_shortcode_after_footer_widgets":"","ocean_shortcode_before_footer_bottom":"","ocean_shortcode_after_footer_bottom":"","ocean_display_top_bar":"default","ocean_display_header":"default","ocean_header_style":"","ocean_center_header_left_menu":"","ocean_custom_header_template":"","ocean_custom_logo":0,"ocean_custom_retina_logo":0,"ocean_custom_logo_max_width":0,"ocean_custom_logo_tablet_max_width":0,"ocean_custom_logo_mobile_max_width":0,"ocean_custom_logo_max_height":0,"ocean_custom_logo_tablet_max_height":0,"ocean_custom_logo_mobile_max_height":0,"ocean_header_custom_menu":"","ocean_menu_typo_font_family":"","ocean_menu_typo_font_subset":"","ocean_menu_typo_font_size":0,"ocean_menu_typo_font_size_tablet":0,"ocean_menu_typo_font_size_mobile":0,"ocean_menu_typo_font_size_unit":"px","ocean_menu_typo_font_weight":"","ocean_menu_typo_font_weight_tablet":"","ocean_menu_typo_font_weight_mobile":"","ocean_menu_typo_transform":"","ocean_menu_typo_transform_tablet":"","ocean_menu_typo_transform_mobile":"","ocean_menu_typo_line_height":0,"ocean_menu_typo_line_height_tablet":0,"ocean_menu_typo_line_height_mobile":0,"ocean_menu_typo_line_height_unit":"","ocean_menu_typo_spacing":0,"ocean_menu_typo_spacing_tablet":0,"ocean_menu_typo_spacing_mobile":0,"ocean_menu_typo_spacing_unit":"","ocean_menu_link_color":"","ocean_menu_link_color_hover":"","ocean_menu_link_color_active":"","ocean_menu_link_background":"","ocean_menu_link_hover_background":"","ocean_menu_link_active_background":"","ocean_menu_social_links_bg":"","ocean_menu_social_hover_links_bg":"","ocean_menu_social_links_color":"","ocean_menu_social_hover_links_color":"","ocean_disable_title":"default","ocean_disable_heading":"default","ocean_post_title":"","ocean_post_subheading":"","ocean_post_title_style":"","ocean_post_title_background_color":"","ocean_post_title_background":0,"ocean_post_title_bg_image_position":"","ocean_post_title_bg_image_attachment":"","ocean_post_title_bg_image_repeat":"","ocean_post_title_bg_image_size":"","ocean_post_title_height":0,"ocean_post_title_bg_overlay":0.5,"ocean_post_title_bg_overlay_color":"","ocean_disable_breadcrumbs":"default","ocean_breadcrumbs_color":"","ocean_breadcrumbs_separator_color":"","ocean_breadcrumbs_links_color":"","ocean_breadcrumbs_links_hover_color":"","ocean_display_footer_widgets":"default","ocean_display_footer_bottom":"default","ocean_custom_footer_template":"","footnotes":""},"class_list":["post-1888","page","type-page","status-publish","hentry","entry"],"_links":{"self":[{"href":"https:\/\/lvts-berlin.de\/homepage\/wp-json\/wp\/v2\/pages\/1888","targetHints":{"allow":["GET"]}}],"collection":[{"href":"https:\/\/lvts-berlin.de\/homepage\/wp-json\/wp\/v2\/pages"}],"about":[{"href":"https:\/\/lvts-berlin.de\/homepage\/wp-json\/wp\/v2\/types\/page"}],"author":[{"embeddable":true,"href":"https:\/\/lvts-berlin.de\/homepage\/wp-json\/wp\/v2\/users\/1"}],"replies":[{"embeddable":true,"href":"https:\/\/lvts-berlin.de\/homepage\/wp-json\/wp\/v2\/comments?post=1888"}],"version-history":[{"count":0,"href":"https:\/\/lvts-berlin.de\/homepage\/wp-json\/wp\/v2\/pages\/1888\/revisions"}],"wp:attachment":[{"href":"https:\/\/lvts-berlin.de\/homepage\/wp-json\/wp\/v2\/media?parent=1888"}],"curies":[{"name":"wp","href":"https:\/\/api.w.org\/{rel}","templated":true}]}}