{"id":1160,"date":"2014-05-24T13:55:36","date_gmt":"2014-05-24T11:55:36","guid":{"rendered":"https:\/\/localhost\/lvts\/?page_id=1160"},"modified":"2025-02-10T10:19:58","modified_gmt":"2025-02-10T09:19:58","slug":"ueber-uns","status":"publish","type":"page","link":"https:\/\/lvts-berlin.de\/homepage\/ueber-uns\/","title":{"rendered":"\u00dcber uns"},"content":{"rendered":"\t\t<div data-elementor-type=\"wp-page\" data-elementor-id=\"1160\" class=\"elementor elementor-1160\" data-elementor-post-type=\"page\">\n\t\t\t\t\t\t<section class=\"elementor-section elementor-top-section elementor-element elementor-element-93e89b6 elementor-section-boxed elementor-section-height-default elementor-section-height-default wpr-particle-no wpr-jarallax-no wpr-parallax-no wpr-sticky-section-no wpr-equal-height-no\" data-id=\"93e89b6\" data-element_type=\"section\" data-e-type=\"section\">\n\t\t\t\t\t\t<div class=\"elementor-container elementor-column-gap-default\">\n\t\t\t\t\t<div class=\"elementor-column elementor-col-50 elementor-top-column elementor-element elementor-element-19b5088a\" data-id=\"19b5088a\" data-element_type=\"column\" data-e-type=\"column\">\n\t\t\t<div class=\"elementor-widget-wrap elementor-element-populated\">\n\t\t\t\t\t\t<div class=\"elementor-element elementor-element-45ede48d elementor-widget elementor-widget-text-editor\" data-id=\"45ede48d\" data-element_type=\"widget\" data-e-type=\"widget\" data-widget_type=\"text-editor.default\">\n\t\t\t\t<div class=\"elementor-widget-container\">\n\t\t\t\t\t\t\t\t\t<h6>Der Landesverband Theater in Schulen Berlin e.V. (LVTS Berlin) wurde am 05.09.2013 gegr\u00fcndet und&nbsp;ist Mitglied im \u201e<span style=\"text-decoration: underline;\"><a href=\"http:\/\/bvts.org\/beta\/?page_id=4\" target=\"_blank\" rel=\"noopener\">Bundesverband Theater in Schulen e.V.<\/a><\/span>\u201c. Er geht aus der Verschmelzung zweier langj\u00e4hriger Vereine (LDS Berlin und F\u00f6rdergemeinschaft f\u00fcr Darstellendes Spiel in der Berliner Oberschule) hervor. Zweck des Vereins sind die Verankerung und F\u00f6rderung von \u00e4sthetischer Bildung, von Theater- und Medienerziehung in allen Schulstufen der Berliner Schule sowie der Kultur im Bundesland Berlin.<\/h6>\n<hr>\n<h4>Unser Anliegen<\/h4>\n<ul style=\"list-style-type: disc;\">\n<li>die \u00e4sthetischen und p\u00e4dagogischen Ziele des Theaterunterrichts und seine Wirkungsm\u00f6glichkeiten zu formulieren und den Institutionen und Beh\u00f6rden, mit denen wir verhandeln, sowie der weiteren \u00d6ffentlichkeit gegen\u00fcber darzustellen,<\/li>\n<li>die Didaktik und Methodik des Darstellendes Spiels in der Schule weiterzuentwickeln,<\/li>\n<li>die Lehreraus-, und \u2013weiterbildung anzuregen,<\/li>\n<li>Lehrerfortbildung anzubieten und zu gestalten,<\/li>\n<li>den Austausch von Erfahrungen und Fachinformationen zu organisieren und zu unterst\u00fctzen,<\/li>\n<li>mit anderen Verb\u00e4nden vergleichbarer Zielsetzung zusammenzuarbeiten,<\/li>\n<li>mit p\u00e4dagogischen, k\u00fcnstlerischen und wissenschaftlichen Institutionen und kulturellen Einrichtungen zusammenzuarbeiten,<\/li>\n<li>Veranstaltungen des Schultheaters zu unterst\u00fctzen, zu organisieren und durchzuf\u00fchren,<\/li>\n<li>in Zusammenarbeit mit dem Bundesverband Theater in Schulen e.V. die Interessen des Berliner Theaterunterrichts wahrzunehmen und sicherzustellen.<\/li>\n<\/ul>\n<p>Mitglieder k\u00f6nnen alle Interessenten werden, die in Berlin im Bereich Darstellendes Spiel (Theaterunterricht) als Lehrerinnen und Lehrer t\u00e4tig sind.<\/p>\n<p><a href=\"\/wp-content\/uploads\/2017\/01\/Satzung-2016-1.pdf\">Satzung LVTS 2024<\/a>&nbsp; &nbsp; &nbsp; &nbsp; &nbsp; &nbsp; &nbsp; &nbsp;<a href=\"\/wp-content\/uploads\/2022\/02\/2022_Antragsformular.pdf\">2022_Antragsformular<\/a><\/p>\n<h4>F\u00f6rderer<\/h4>\n<p>Die Senatsverwaltung f\u00fcr Bildung, Jugend und Wissenschaft f\u00f6rdert das Arbeitstreffen Schultheater seit vielen Jahren.<\/p>\n<h4>Das&nbsp;Team<\/h4>\n<p>Die f\u00fcnf gew\u00e4hlten Mitglieder des Vorstandes sind (von links nach rechts)<\/p>\t\t\t\t\t\t\t\t<\/div>\n\t\t\t\t<\/div>\n\t\t\t\t\t<\/div>\n\t\t<\/div>\n\t\t\t\t<div class=\"elementor-column elementor-col-50 elementor-top-column elementor-element elementor-element-0e8d812\" data-id=\"0e8d812\" data-element_type=\"column\" data-e-type=\"column\">\n\t\t\t<div class=\"elementor-widget-wrap\">\n\t\t\t\t\t\t\t<\/div>\n\t\t<\/div>\n\t\t\t\t\t<\/div>\n\t\t<\/section>\n\t\t\t\t<section class=\"elementor-section elementor-top-section elementor-element elementor-element-4de7ea3 elementor-section-boxed elementor-section-height-default elementor-section-height-default wpr-particle-no wpr-jarallax-no wpr-parallax-no wpr-sticky-section-no wpr-equal-height-no\" data-id=\"4de7ea3\" data-element_type=\"section\" data-e-type=\"section\">\n\t\t\t\t\t\t<div class=\"elementor-container elementor-column-gap-default\">\n\t\t\t\t\t<div class=\"elementor-column elementor-col-100 elementor-top-column elementor-element elementor-element-b3fd001\" data-id=\"b3fd001\" data-element_type=\"column\" data-e-type=\"column\">\n\t\t\t<div class=\"elementor-widget-wrap elementor-element-populated\">\n\t\t\t\t\t\t<section class=\"elementor-section elementor-inner-section elementor-element elementor-element-8977d3c elementor-section-boxed elementor-section-height-default elementor-section-height-default wpr-particle-no wpr-jarallax-no wpr-parallax-no wpr-sticky-section-no wpr-equal-height-no\" data-id=\"8977d3c\" data-element_type=\"section\" data-e-type=\"section\">\n\t\t\t\t\t\t<div class=\"elementor-container elementor-column-gap-default\">\n\t\t\t\t\t<div class=\"elementor-column elementor-col-50 elementor-inner-column elementor-element elementor-element-5aaadfc\" data-id=\"5aaadfc\" data-element_type=\"column\" data-e-type=\"column\">\n\t\t\t<div class=\"elementor-widget-wrap elementor-element-populated\">\n\t\t\t\t\t\t<div class=\"elementor-element elementor-element-926a0dc elementor-widget elementor-widget-image\" data-id=\"926a0dc\" data-element_type=\"widget\" data-e-type=\"widget\" data-widget_type=\"image.default\">\n\t\t\t\t<div class=\"elementor-widget-container\">\n\t\t\t\t\t\t\t\t\t\t\t\t\t\t\t<img fetchpriority=\"high\" decoding=\"async\" width=\"1024\" height=\"768\" src=\"https:\/\/lvts-berlin.de\/wp-content\/uploads\/2025\/02\/PHOTO-2024-10-01-19-03-05-1024x768.jpg\" class=\"attachment-large size-large wp-image-4422\" alt=\"\" srcset=\"https:\/\/lvts-berlin.de\/wp-content\/uploads\/2025\/02\/PHOTO-2024-10-01-19-03-05-1024x768.jpg 1024w, https:\/\/lvts-berlin.de\/wp-content\/uploads\/2025\/02\/PHOTO-2024-10-01-19-03-05-300x225.jpg 300w, https:\/\/lvts-berlin.de\/wp-content\/uploads\/2025\/02\/PHOTO-2024-10-01-19-03-05-768x576.jpg 768w, https:\/\/lvts-berlin.de\/wp-content\/uploads\/2025\/02\/PHOTO-2024-10-01-19-03-05-1536x1152.jpg 1536w, https:\/\/lvts-berlin.de\/wp-content\/uploads\/2025\/02\/PHOTO-2024-10-01-19-03-05.jpg 2048w\" sizes=\"(max-width: 1024px) 100vw, 1024px\" \/>\t\t\t\t\t\t\t\t\t\t\t\t\t\t\t<\/div>\n\t\t\t\t<\/div>\n\t\t\t\t\t<\/div>\n\t\t<\/div>\n\t\t\t\t<div class=\"elementor-column elementor-col-50 elementor-inner-column elementor-element elementor-element-4d722bb\" data-id=\"4d722bb\" data-element_type=\"column\" data-e-type=\"column\">\n\t\t\t<div class=\"elementor-widget-wrap elementor-element-populated\">\n\t\t\t\t\t\t<div class=\"elementor-element elementor-element-17d066f elementor-widget elementor-widget-text-editor\" data-id=\"17d066f\" data-element_type=\"widget\" data-e-type=\"widget\" data-widget_type=\"text-editor.default\">\n\t\t\t\t<div class=\"elementor-widget-container\">\n\t\t\t\t\t\t\t\t\t<p><strong>Sahar Amin\u00a0<\/strong><br \/><a href=\"mailto:burmeister@lvts-berlin.de\">sahar.amin@schule.berlin.de<\/a><\/p>\t\t\t\t\t\t\t\t<\/div>\n\t\t\t\t<\/div>\n\t\t\t\t<div class=\"elementor-element elementor-element-1abfd4b elementor-widget elementor-widget-text-editor\" data-id=\"1abfd4b\" data-element_type=\"widget\" data-e-type=\"widget\" data-widget_type=\"text-editor.default\">\n\t\t\t\t<div class=\"elementor-widget-container\">\n\t\t\t\t\t\t\t\t\t<p><strong>Birgit Burmeister<\/strong><br \/>Schatzmeisterin<br \/><a href=\"mailto:burmeister@lvts-berlin.de\">burmeister[at]lvts-berlin.de <\/a><\/p>\t\t\t\t\t\t\t\t<\/div>\n\t\t\t\t<\/div>\n\t\t\t\t<div class=\"elementor-element elementor-element-4107a36 elementor-widget elementor-widget-text-editor\" data-id=\"4107a36\" data-element_type=\"widget\" data-e-type=\"widget\" data-widget_type=\"text-editor.default\">\n\t\t\t\t<div class=\"elementor-widget-container\">\n\t\t\t\t\t\t\t\t\t<p><strong><span class=\"\">Cornelia Tiefenbacher<\/span><\/strong><br \/>stellvertretende Vorsitzende<\/p>\t\t\t\t\t\t\t\t<\/div>\n\t\t\t\t<\/div>\n\t\t\t\t<div class=\"elementor-element elementor-element-83ba5d1 elementor-widget elementor-widget-text-editor\" data-id=\"83ba5d1\" data-element_type=\"widget\" data-e-type=\"widget\" data-widget_type=\"text-editor.default\">\n\t\t\t\t<div class=\"elementor-widget-container\">\n\t\t\t\t\t\t\t\t\t<p><strong>Sabine K\u00fcndiger<\/strong><br \/>1. Vorsitzende<br \/><a href=\"mailto:kuendiger@lvts-berlin.de\">kuendiger[at]lvts-berlin.de<\/a><\/p>\t\t\t\t\t\t\t\t<\/div>\n\t\t\t\t<\/div>\n\t\t\t\t<div class=\"elementor-element elementor-element-299082e elementor-widget elementor-widget-text-editor\" data-id=\"299082e\" data-element_type=\"widget\" data-e-type=\"widget\" data-widget_type=\"text-editor.default\">\n\t\t\t\t<div class=\"elementor-widget-container\">\n\t\t\t\t\t\t\t\t\t<p><strong>Vinzenz Hoppe\u00a0<\/strong><br \/><a href=\"mailto:burmeister@lvts-berlin.de\">vinzenz.hoppe@rlg.berlin<\/a><\/p>\t\t\t\t\t\t\t\t<\/div>\n\t\t\t\t<\/div>\n\t\t\t\t\t<\/div>\n\t\t<\/div>\n\t\t\t\t\t<\/div>\n\t\t<\/section>\n\t\t\t\t\t<\/div>\n\t\t<\/div>\n\t\t\t\t\t<\/div>\n\t\t<\/section>\n\t\t\t\t<section class=\"elementor-section elementor-top-section elementor-element elementor-element-d5b0d93 elementor-section-boxed elementor-section-height-default elementor-section-height-default wpr-particle-no wpr-jarallax-no wpr-parallax-no wpr-sticky-section-no wpr-equal-height-no\" data-id=\"d5b0d93\" data-element_type=\"section\" data-e-type=\"section\">\n\t\t\t\t\t\t<div class=\"elementor-container elementor-column-gap-default\">\n\t\t\t\t\t<div class=\"elementor-column elementor-col-100 elementor-top-column elementor-element elementor-element-273647b\" data-id=\"273647b\" data-element_type=\"column\" data-e-type=\"column\">\n\t\t\t<div class=\"elementor-widget-wrap\">\n\t\t\t\t\t\t\t<\/div>\n\t\t<\/div>\n\t\t\t\t\t<\/div>\n\t\t<\/section>\n\t\t\t\t<\/div>\n\t\t","protected":false},"excerpt":{"rendered":"<p>Der Landesverband Theater in Schulen Berlin e.V. (LVTS Berlin) wurde am 05.09.2013 gegr\u00fcndet und&nbsp;ist Mitglied im \u201eBundesverband Theater in Schulen e.V.\u201c. Er geht aus der Verschmelzung zweier langj\u00e4hriger Vereine (LDS Berlin und F\u00f6rdergemeinschaft f\u00fcr Darstellendes Spiel in der Berliner Oberschule) hervor. Zweck des Vereins sind die Verankerung und F\u00f6rderung von \u00e4sthetischer Bildung, von Theater- und Medienerziehung in allen Schulstufen der Berliner Schule sowie der Kultur im Bundesland Berlin. Unser Anliegen die \u00e4sthetischen und p\u00e4dagogischen Ziele des Theaterunterrichts und seine Wirkungsm\u00f6glichkeiten zu formulieren und den Institutionen und Beh\u00f6rden, mit denen wir verhandeln, sowie der weiteren \u00d6ffentlichkeit gegen\u00fcber darzustellen, die Didaktik und Methodik des Darstellendes Spiels in der Schule weiterzuentwickeln, die Lehreraus-, und \u2013weiterbildung anzuregen, Lehrerfortbildung anzubieten und zu gestalten, den Austausch von Erfahrungen und Fachinformationen zu organisieren und zu unterst\u00fctzen, mit anderen Verb\u00e4nden vergleichbarer Zielsetzung zusammenzuarbeiten, mit p\u00e4dagogischen, k\u00fcnstlerischen und wissenschaftlichen Institutionen und kulturellen Einrichtungen zusammenzuarbeiten, Veranstaltungen des Schultheaters zu unterst\u00fctzen, zu organisieren und durchzuf\u00fchren, in Zusammenarbeit mit dem Bundesverband Theater in Schulen e.V. die Interessen des Berliner Theaterunterrichts wahrzunehmen und sicherzustellen. Mitglieder k\u00f6nnen alle Interessenten werden, die in Berlin im Bereich Darstellendes Spiel (Theaterunterricht) als Lehrerinnen und Lehrer t\u00e4tig sind. Satzung LVTS 2024&nbsp; &nbsp; &nbsp; &nbsp; &nbsp; &nbsp; &nbsp; &nbsp;2022_Antragsformular F\u00f6rderer Die Senatsverwaltung f\u00fcr Bildung, Jugend und Wissenschaft f\u00f6rdert das Arbeitstreffen Schultheater seit vielen Jahren. Das&nbsp;Team Die f\u00fcnf gew\u00e4hlten Mitglieder des Vorstandes sind (von links nach rechts) Sahar Amin\u00a0sahar.amin@schule.berlin.de Birgit BurmeisterSchatzmeisterinburmeister[at]lvts-berlin.de Cornelia Tiefenbacherstellvertretende Vorsitzende Sabine K\u00fcndiger1. Vorsitzendekuendiger[at]lvts-berlin.de Vinzenz Hoppe\u00a0vinzenz.hoppe@rlg.berlin<\/p>\n","protected":false},"author":1,"featured_media":0,"parent":0,"menu_order":0,"comment_status":"closed","ping_status":"open","template":"","meta":{"ngg_post_thumbnail":0,"ocean_post_layout":"","ocean_both_sidebars_style":"","ocean_both_sidebars_content_width":0,"ocean_both_sidebars_sidebars_width":0,"ocean_sidebar":"","ocean_second_sidebar":"","ocean_disable_margins":"enable","ocean_add_body_class":"","ocean_shortcode_before_top_bar":"","ocean_shortcode_after_top_bar":"","ocean_shortcode_before_header":"","ocean_shortcode_after_header":"","ocean_has_shortcode":"","ocean_shortcode_after_title":"","ocean_shortcode_before_footer_widgets":"","ocean_shortcode_after_footer_widgets":"","ocean_shortcode_before_footer_bottom":"","ocean_shortcode_after_footer_bottom":"","ocean_display_top_bar":"default","ocean_display_header":"default","ocean_header_style":"","ocean_center_header_left_menu":"","ocean_custom_header_template":"","ocean_custom_logo":0,"ocean_custom_retina_logo":0,"ocean_custom_logo_max_width":0,"ocean_custom_logo_tablet_max_width":0,"ocean_custom_logo_mobile_max_width":0,"ocean_custom_logo_max_height":0,"ocean_custom_logo_tablet_max_height":0,"ocean_custom_logo_mobile_max_height":0,"ocean_header_custom_menu":"","ocean_menu_typo_font_family":"","ocean_menu_typo_font_subset":"","ocean_menu_typo_font_size":0,"ocean_menu_typo_font_size_tablet":0,"ocean_menu_typo_font_size_mobile":0,"ocean_menu_typo_font_size_unit":"px","ocean_menu_typo_font_weight":"","ocean_menu_typo_font_weight_tablet":"","ocean_menu_typo_font_weight_mobile":"","ocean_menu_typo_transform":"","ocean_menu_typo_transform_tablet":"","ocean_menu_typo_transform_mobile":"","ocean_menu_typo_line_height":0,"ocean_menu_typo_line_height_tablet":0,"ocean_menu_typo_line_height_mobile":0,"ocean_menu_typo_line_height_unit":"","ocean_menu_typo_spacing":0,"ocean_menu_typo_spacing_tablet":0,"ocean_menu_typo_spacing_mobile":0,"ocean_menu_typo_spacing_unit":"","ocean_menu_link_color":"","ocean_menu_link_color_hover":"","ocean_menu_link_color_active":"","ocean_menu_link_background":"","ocean_menu_link_hover_background":"","ocean_menu_link_active_background":"","ocean_menu_social_links_bg":"","ocean_menu_social_hover_links_bg":"","ocean_menu_social_links_color":"","ocean_menu_social_hover_links_color":"","ocean_disable_title":"default","ocean_disable_heading":"default","ocean_post_title":"","ocean_post_subheading":"","ocean_post_title_style":"","ocean_post_title_background_color":"","ocean_post_title_background":0,"ocean_post_title_bg_image_position":"","ocean_post_title_bg_image_attachment":"","ocean_post_title_bg_image_repeat":"","ocean_post_title_bg_image_size":"","ocean_post_title_height":0,"ocean_post_title_bg_overlay":0.5,"ocean_post_title_bg_overlay_color":"","ocean_disable_breadcrumbs":"default","ocean_breadcrumbs_color":"","ocean_breadcrumbs_separator_color":"","ocean_breadcrumbs_links_color":"","ocean_breadcrumbs_links_hover_color":"","ocean_display_footer_widgets":"default","ocean_display_footer_bottom":"default","ocean_custom_footer_template":"","footnotes":""},"class_list":["post-1160","page","type-page","status-publish","hentry","entry"],"_links":{"self":[{"href":"https:\/\/lvts-berlin.de\/homepage\/wp-json\/wp\/v2\/pages\/1160","targetHints":{"allow":["GET"]}}],"collection":[{"href":"https:\/\/lvts-berlin.de\/homepage\/wp-json\/wp\/v2\/pages"}],"about":[{"href":"https:\/\/lvts-berlin.de\/homepage\/wp-json\/wp\/v2\/types\/page"}],"author":[{"embeddable":true,"href":"https:\/\/lvts-berlin.de\/homepage\/wp-json\/wp\/v2\/users\/1"}],"replies":[{"embeddable":true,"href":"https:\/\/lvts-berlin.de\/homepage\/wp-json\/wp\/v2\/comments?post=1160"}],"version-history":[{"count":45,"href":"https:\/\/lvts-berlin.de\/homepage\/wp-json\/wp\/v2\/pages\/1160\/revisions"}],"predecessor-version":[{"id":4434,"href":"https:\/\/lvts-berlin.de\/homepage\/wp-json\/wp\/v2\/pages\/1160\/revisions\/4434"}],"wp:attachment":[{"href":"https:\/\/lvts-berlin.de\/homepage\/wp-json\/wp\/v2\/media?parent=1160"}],"curies":[{"name":"wp","href":"https:\/\/api.w.org\/{rel}","templated":true}]}}