{"id":1122,"date":"2014-05-24T13:14:53","date_gmt":"2014-05-24T11:14:53","guid":{"rendered":"https:\/\/localhost\/lvts\/?page_id=1122"},"modified":"2023-05-14T16:57:47","modified_gmt":"2023-05-14T14:57:47","slug":"grundschule","status":"publish","type":"page","link":"https:\/\/lvts-berlin.de\/homepage\/grundschule\/","title":{"rendered":"Grundschule"},"content":{"rendered":"\t\t<div data-elementor-type=\"wp-page\" data-elementor-id=\"1122\" class=\"elementor elementor-1122\" data-elementor-post-type=\"page\">\n\t\t\t\t\t\t<section class=\"elementor-section elementor-top-section elementor-element elementor-element-73e443c elementor-section-boxed elementor-section-height-default elementor-section-height-default wpr-particle-no wpr-jarallax-no wpr-parallax-no wpr-sticky-section-no wpr-equal-height-no\" data-id=\"73e443c\" data-element_type=\"section\" data-e-type=\"section\">\n\t\t\t\t\t\t<div class=\"elementor-container elementor-column-gap-default\">\n\t\t\t\t\t<div class=\"elementor-column elementor-col-50 elementor-top-column elementor-element elementor-element-5092ca9c\" data-id=\"5092ca9c\" data-element_type=\"column\" data-e-type=\"column\">\n\t\t\t<div class=\"elementor-widget-wrap elementor-element-populated\">\n\t\t\t\t\t\t<div class=\"elementor-element elementor-element-7392351d elementor-widget elementor-widget-text-editor\" data-id=\"7392351d\" data-element_type=\"widget\" data-e-type=\"widget\" data-widget_type=\"text-editor.default\">\n\t\t\t\t<div class=\"elementor-widget-container\">\n\t\t\t\t\t\t\t\t\t<h6>Leider weist die Berliner Stundentafel f\u00fcr die Grundschulen <strong>Theater<\/strong> noch nicht als Unterrichtsfach aus.\u00a0Deshalb wird an den Grundschulen im Land Berlin <strong>Theater<\/strong> nur im AG-Bereich angeboten.\u00a0Lehrkr\u00e4fte, die in diesem Bereich Unterricht erteilen wollen, haben hoffentlich bald die M\u00f6glichkeit, an einer qualifizierten Weiterbildung, die durch die Senatsverwaltung f\u00fcr Bildung, Jugend und Wissenschaft angeboten wird, teilzunehmen.<\/h6><p><a href=\"https:\/\/localhost\/lvts\/wp-content\/uploads\/2015\/01\/Unbenannte-Anlage-00029.jpg\"><img fetchpriority=\"high\" decoding=\"async\" class=\"alignnone size-full wp-image-1867\" src=\"https:\/\/localhost\/lvts\/wp-content\/uploads\/2015\/01\/Unbenannte-Anlage-00029.jpg\" alt=\"Unbenannte Anlage 00029\" width=\"576\" height=\"263\" srcset=\"https:\/\/lvts-berlin.de\/wp-content\/uploads\/2015\/01\/Unbenannte-Anlage-00029.jpg 576w, https:\/\/lvts-berlin.de\/wp-content\/uploads\/2015\/01\/Unbenannte-Anlage-00029-300x137.jpg 300w\" sizes=\"(max-width: 576px) 100vw, 576px\" \/><\/a><\/p><h6>Plakat des <a href=\"http:\/\/www.ntt-g.com\/\" target=\"_blank\" rel=\"noopener\">Neuk\u00f6llner Theatertreffens f\u00fcr Grundschulen<\/a><\/h6><p>\u00a0<\/p>\t\t\t\t\t\t\t\t<\/div>\n\t\t\t\t<\/div>\n\t\t\t\t\t<\/div>\n\t\t<\/div>\n\t\t\t\t<div class=\"elementor-column elementor-col-50 elementor-top-column elementor-element elementor-element-579ba1a\" data-id=\"579ba1a\" data-element_type=\"column\" data-e-type=\"column\">\n\t\t\t<div class=\"elementor-widget-wrap\">\n\t\t\t\t\t\t\t<\/div>\n\t\t<\/div>\n\t\t\t\t\t<\/div>\n\t\t<\/section>\n\t\t\t\t<section class=\"elementor-section elementor-top-section elementor-element elementor-element-70866265 elementor-section-boxed elementor-section-height-default elementor-section-height-default wpr-particle-no wpr-jarallax-no wpr-parallax-no wpr-sticky-section-no wpr-equal-height-no\" data-id=\"70866265\" data-element_type=\"section\" data-e-type=\"section\">\n\t\t\t\t\t\t<div class=\"elementor-container elementor-column-gap-default\">\n\t\t\t\t\t<div class=\"elementor-column elementor-col-100 elementor-top-column elementor-element elementor-element-8cc7706\" data-id=\"8cc7706\" data-element_type=\"column\" data-e-type=\"column\">\n\t\t\t<div class=\"elementor-widget-wrap\">\n\t\t\t\t\t\t\t<\/div>\n\t\t<\/div>\n\t\t\t\t\t<\/div>\n\t\t<\/section>\n\t\t\t\t<\/div>\n\t\t","protected":false},"excerpt":{"rendered":"<p>Leider weist die Berliner Stundentafel f\u00fcr die Grundschulen Theater noch nicht als Unterrichtsfach aus.\u00a0Deshalb wird an den Grundschulen im Land Berlin Theater nur im AG-Bereich angeboten.\u00a0Lehrkr\u00e4fte, die in diesem Bereich Unterricht erteilen wollen, haben hoffentlich bald die M\u00f6glichkeit, an einer qualifizierten Weiterbildung, die durch die Senatsverwaltung f\u00fcr Bildung, Jugend und Wissenschaft angeboten wird, teilzunehmen. Plakat des Neuk\u00f6llner Theatertreffens f\u00fcr Grundschulen \u00a0<\/p>\n","protected":false},"author":1,"featured_media":0,"parent":0,"menu_order":0,"comment_status":"closed","ping_status":"open","template":"","meta":{"ngg_post_thumbnail":0,"ocean_post_layout":"","ocean_both_sidebars_style":"","ocean_both_sidebars_content_width":0,"ocean_both_sidebars_sidebars_width":0,"ocean_sidebar":"","ocean_second_sidebar":"","ocean_disable_margins":"enable","ocean_add_body_class":"","ocean_shortcode_before_top_bar":"","ocean_shortcode_after_top_bar":"","ocean_shortcode_before_header":"","ocean_shortcode_after_header":"","ocean_has_shortcode":"","ocean_shortcode_after_title":"","ocean_shortcode_before_footer_widgets":"","ocean_shortcode_after_footer_widgets":"","ocean_shortcode_before_footer_bottom":"","ocean_shortcode_after_footer_bottom":"","ocean_display_top_bar":"default","ocean_display_header":"default","ocean_header_style":"","ocean_center_header_left_menu":"","ocean_custom_header_template":"","ocean_custom_logo":0,"ocean_custom_retina_logo":0,"ocean_custom_logo_max_width":0,"ocean_custom_logo_tablet_max_width":0,"ocean_custom_logo_mobile_max_width":0,"ocean_custom_logo_max_height":0,"ocean_custom_logo_tablet_max_height":0,"ocean_custom_logo_mobile_max_height":0,"ocean_header_custom_menu":"","ocean_menu_typo_font_family":"","ocean_menu_typo_font_subset":"","ocean_menu_typo_font_size":0,"ocean_menu_typo_font_size_tablet":0,"ocean_menu_typo_font_size_mobile":0,"ocean_menu_typo_font_size_unit":"px","ocean_menu_typo_font_weight":"","ocean_menu_typo_font_weight_tablet":"","ocean_menu_typo_font_weight_mobile":"","ocean_menu_typo_transform":"","ocean_menu_typo_transform_tablet":"","ocean_menu_typo_transform_mobile":"","ocean_menu_typo_line_height":0,"ocean_menu_typo_line_height_tablet":0,"ocean_menu_typo_line_height_mobile":0,"ocean_menu_typo_line_height_unit":"","ocean_menu_typo_spacing":0,"ocean_menu_typo_spacing_tablet":0,"ocean_menu_typo_spacing_mobile":0,"ocean_menu_typo_spacing_unit":"","ocean_menu_link_color":"","ocean_menu_link_color_hover":"","ocean_menu_link_color_active":"","ocean_menu_link_background":"","ocean_menu_link_hover_background":"","ocean_menu_link_active_background":"","ocean_menu_social_links_bg":"","ocean_menu_social_hover_links_bg":"","ocean_menu_social_links_color":"","ocean_menu_social_hover_links_color":"","ocean_disable_title":"default","ocean_disable_heading":"default","ocean_post_title":"","ocean_post_subheading":"","ocean_post_title_style":"","ocean_post_title_background_color":"","ocean_post_title_background":0,"ocean_post_title_bg_image_position":"","ocean_post_title_bg_image_attachment":"","ocean_post_title_bg_image_repeat":"","ocean_post_title_bg_image_size":"","ocean_post_title_height":0,"ocean_post_title_bg_overlay":0.5,"ocean_post_title_bg_overlay_color":"","ocean_disable_breadcrumbs":"default","ocean_breadcrumbs_color":"","ocean_breadcrumbs_separator_color":"","ocean_breadcrumbs_links_color":"","ocean_breadcrumbs_links_hover_color":"","ocean_display_footer_widgets":"default","ocean_display_footer_bottom":"default","ocean_custom_footer_template":"","footnotes":""},"class_list":["post-1122","page","type-page","status-publish","hentry","entry"],"_links":{"self":[{"href":"https:\/\/lvts-berlin.de\/homepage\/wp-json\/wp\/v2\/pages\/1122","targetHints":{"allow":["GET"]}}],"collection":[{"href":"https:\/\/lvts-berlin.de\/homepage\/wp-json\/wp\/v2\/pages"}],"about":[{"href":"https:\/\/lvts-berlin.de\/homepage\/wp-json\/wp\/v2\/types\/page"}],"author":[{"embeddable":true,"href":"https:\/\/lvts-berlin.de\/homepage\/wp-json\/wp\/v2\/users\/1"}],"replies":[{"embeddable":true,"href":"https:\/\/lvts-berlin.de\/homepage\/wp-json\/wp\/v2\/comments?post=1122"}],"version-history":[{"count":3,"href":"https:\/\/lvts-berlin.de\/homepage\/wp-json\/wp\/v2\/pages\/1122\/revisions"}],"predecessor-version":[{"id":3544,"href":"https:\/\/lvts-berlin.de\/homepage\/wp-json\/wp\/v2\/pages\/1122\/revisions\/3544"}],"wp:attachment":[{"href":"https:\/\/lvts-berlin.de\/homepage\/wp-json\/wp\/v2\/media?parent=1122"}],"curies":[{"name":"wp","href":"https:\/\/api.w.org\/{rel}","templated":true}]}}